{"id":8700,"date":"2023-02-01T12:05:23","date_gmt":"2023-02-01T15:05:23","guid":{"rendered":"https:\/\/www.tailgatezone.com.br\/?page_id=8700"},"modified":"2023-02-01T12:06:58","modified_gmt":"2023-02-01T15:06:58","slug":"grandes-ligas","status":"publish","type":"page","link":"https:\/\/www.tailgatezone.com.br\/en\/grandes-ligas\/","title":{"rendered":"GRANDES LIGAS"},"content":{"rendered":"","protected":false},"excerpt":{"rendered":"","protected":false},"author":2,"featured_media":5732,"parent":0,"menu_order":0,"comment_status":"closed","ping_status":"closed","template":"","meta":{"_acf_changed":false,"_uag_custom_page_level_css":"","_uf_show_specific_survey":0,"_uf_disable_surveys":false,"footnotes":""},"class_list":["post-8700","page","type-page","status-publish","has-post-thumbnail","hentry","entry","has-media"],"acf":[],"yoast_head":"<!-- This site is optimized with the Yoast SEO plugin v27.4 - https:\/\/yoast.com\/product\/yoast-seo-wordpress\/ -->\n<title>GRANDES LIGAS - tailgate zone<\/title>\n<meta name=\"description\" content=\"Aqui voc\u00ea confere as principais not\u00edcias e discuss\u00f5es que afetam as quatro grandes ligas americanas; NBA, NFL, NHL e MLB.\" \/>\n<meta name=\"robots\" content=\"index, follow, max-snippet:-1, max-image-preview:large, max-video-preview:-1\" \/>\n<link rel=\"canonical\" href=\"https:\/\/www.tailgatezone.com.br\/en\/grandes-ligas\/\" \/>\n<meta property=\"og:locale\" content=\"en_US\" \/>\n<meta property=\"og:type\" content=\"article\" \/>\n<meta property=\"og:title\" content=\"GRANDES LIGAS - tailgate zone\" \/>\n<meta property=\"og:description\" content=\"Aqui voc\u00ea confere as principais not\u00edcias e discuss\u00f5es que afetam as quatro grandes ligas americanas; NBA, NFL, NHL e MLB.\" \/>\n<meta property=\"og:url\" content=\"https:\/\/www.tailgatezone.com.br\/en\/grandes-ligas\/\" \/>\n<meta property=\"og:site_name\" content=\"tailgate zone\" \/>\n<meta property=\"article:publisher\" content=\"https:\/\/www.facebook.com\/tailgatezone\" \/>\n<meta property=\"article:modified_time\" content=\"2023-02-01T15:06:58+00:00\" \/>\n<meta property=\"og:image\" content=\"https:\/\/www.tailgatezone.com.br\/wp-content\/uploads\/2020\/11\/og-image-1.jpg\" \/>\n\t<meta property=\"og:image:width\" content=\"1600\" \/>\n\t<meta property=\"og:image:height\" content=\"800\" \/>\n\t<meta property=\"og:image:type\" content=\"image\/jpeg\" \/>\n<meta name=\"twitter:card\" content=\"summary_large_image\" \/>\n<meta name=\"twitter:site\" content=\"@tailgatezone_br\" \/>\n<script type=\"application\/ld+json\" class=\"yoast-schema-graph\">{\"@context\":\"https:\\\/\\\/schema.org\",\"@graph\":[{\"@type\":\"WebPage\",\"@id\":\"https:\\\/\\\/www.tailgatezone.com.br\\\/grandes-ligas\\\/\",\"url\":\"https:\\\/\\\/www.tailgatezone.com.br\\\/grandes-ligas\\\/\",\"name\":\"GRANDES LIGAS - tailgate zone\",\"isPartOf\":{\"@id\":\"https:\\\/\\\/www.tailgatezone.com.br\\\/#website\"},\"primaryImageOfPage\":{\"@id\":\"https:\\\/\\\/www.tailgatezone.com.br\\\/grandes-ligas\\\/#primaryimage\"},\"image\":{\"@id\":\"https:\\\/\\\/www.tailgatezone.com.br\\\/grandes-ligas\\\/#primaryimage\"},\"thumbnailUrl\":\"https:\\\/\\\/www.tailgatezone.com.br\\\/wp-content\\\/uploads\\\/2020\\\/11\\\/og-image-1.jpg\",\"datePublished\":\"2023-02-01T15:05:23+00:00\",\"dateModified\":\"2023-02-01T15:06:58+00:00\",\"description\":\"Aqui voc\u00ea confere as principais not\u00edcias e discuss\u00f5es que afetam as quatro grandes ligas americanas; NBA, NFL, NHL e MLB.\",\"breadcrumb\":{\"@id\":\"https:\\\/\\\/www.tailgatezone.com.br\\\/grandes-ligas\\\/#breadcrumb\"},\"inLanguage\":\"en-US\",\"potentialAction\":[{\"@type\":\"ReadAction\",\"target\":[\"https:\\\/\\\/www.tailgatezone.com.br\\\/grandes-ligas\\\/\"]}]},{\"@type\":\"ImageObject\",\"inLanguage\":\"en-US\",\"@id\":\"https:\\\/\\\/www.tailgatezone.com.br\\\/grandes-ligas\\\/#primaryimage\",\"url\":\"https:\\\/\\\/www.tailgatezone.com.br\\\/wp-content\\\/uploads\\\/2020\\\/11\\\/og-image-1.jpg\",\"contentUrl\":\"https:\\\/\\\/www.tailgatezone.com.br\\\/wp-content\\\/uploads\\\/2020\\\/11\\\/og-image-1.jpg\",\"width\":1600,\"height\":800},{\"@type\":\"BreadcrumbList\",\"@id\":\"https:\\\/\\\/www.tailgatezone.com.br\\\/grandes-ligas\\\/#breadcrumb\",\"itemListElement\":[{\"@type\":\"ListItem\",\"position\":1,\"name\":\"In\u00edcio\",\"item\":\"https:\\\/\\\/www.tailgatezone.com.br\\\/\"},{\"@type\":\"ListItem\",\"position\":2,\"name\":\"GRANDES LIGAS\"}]},{\"@type\":\"WebSite\",\"@id\":\"https:\\\/\\\/www.tailgatezone.com.br\\\/#website\",\"url\":\"https:\\\/\\\/www.tailgatezone.com.br\\\/\",\"name\":\"tailgate zone\",\"description\":\"um assunto s\u00e9rio tratado com muita esportividade\",\"publisher\":{\"@id\":\"https:\\\/\\\/www.tailgatezone.com.br\\\/#organization\"},\"potentialAction\":[{\"@type\":\"SearchAction\",\"target\":{\"@type\":\"EntryPoint\",\"urlTemplate\":\"https:\\\/\\\/www.tailgatezone.com.br\\\/?s={search_term_string}\"},\"query-input\":{\"@type\":\"PropertyValueSpecification\",\"valueRequired\":true,\"valueName\":\"search_term_string\"}}],\"inLanguage\":\"en-US\"},{\"@type\":\"Organization\",\"@id\":\"https:\\\/\\\/www.tailgatezone.com.br\\\/#organization\",\"name\":\"tailgate zone\",\"url\":\"https:\\\/\\\/www.tailgatezone.com.br\\\/\",\"logo\":{\"@type\":\"ImageObject\",\"inLanguage\":\"en-US\",\"@id\":\"https:\\\/\\\/www.tailgatezone.com.br\\\/#\\\/schema\\\/logo\\\/image\\\/\",\"url\":\"https:\\\/\\\/www.tailgatezone.com.br\\\/wp-content\\\/uploads\\\/2022\\\/09\\\/tailgatezone.png\",\"contentUrl\":\"https:\\\/\\\/www.tailgatezone.com.br\\\/wp-content\\\/uploads\\\/2022\\\/09\\\/tailgatezone.png\",\"width\":3894,\"height\":1500,\"caption\":\"tailgate zone\"},\"image\":{\"@id\":\"https:\\\/\\\/www.tailgatezone.com.br\\\/#\\\/schema\\\/logo\\\/image\\\/\"},\"sameAs\":[\"https:\\\/\\\/www.facebook.com\\\/tailgatezone\",\"https:\\\/\\\/x.com\\\/tailgatezone_br\",\"https:\\\/\\\/www.instagram.com\\\/tailgatezone\",\"https:\\\/\\\/youtube.com\\\/tailgatezonebr\"]}]}<\/script>\n<!-- \/ Yoast SEO plugin. -->","yoast_head_json":{"title":"GRANDES LIGAS - tailgate zone","description":"Aqui voc\u00ea confere as principais not\u00edcias e discuss\u00f5es que afetam as quatro grandes ligas americanas; NBA, NFL, NHL e MLB.","robots":{"index":"index","follow":"follow","max-snippet":"max-snippet:-1","max-image-preview":"max-image-preview:large","max-video-preview":"max-video-preview:-1"},"canonical":"https:\/\/www.tailgatezone.com.br\/en\/grandes-ligas\/","og_locale":"en_US","og_type":"article","og_title":"GRANDES LIGAS - tailgate zone","og_description":"Aqui voc\u00ea confere as principais not\u00edcias e discuss\u00f5es que afetam as quatro grandes ligas americanas; NBA, NFL, NHL e MLB.","og_url":"https:\/\/www.tailgatezone.com.br\/en\/grandes-ligas\/","og_site_name":"tailgate zone","article_publisher":"https:\/\/www.facebook.com\/tailgatezone","article_modified_time":"2023-02-01T15:06:58+00:00","og_image":[{"width":1600,"height":800,"url":"https:\/\/www.tailgatezone.com.br\/wp-content\/uploads\/2020\/11\/og-image-1.jpg","type":"image\/jpeg"}],"twitter_card":"summary_large_image","twitter_site":"@tailgatezone_br","schema":{"@context":"https:\/\/schema.org","@graph":[{"@type":"WebPage","@id":"https:\/\/www.tailgatezone.com.br\/grandes-ligas\/","url":"https:\/\/www.tailgatezone.com.br\/grandes-ligas\/","name":"GRANDES LIGAS - tailgate zone","isPartOf":{"@id":"https:\/\/www.tailgatezone.com.br\/#website"},"primaryImageOfPage":{"@id":"https:\/\/www.tailgatezone.com.br\/grandes-ligas\/#primaryimage"},"image":{"@id":"https:\/\/www.tailgatezone.com.br\/grandes-ligas\/#primaryimage"},"thumbnailUrl":"https:\/\/www.tailgatezone.com.br\/wp-content\/uploads\/2020\/11\/og-image-1.jpg","datePublished":"2023-02-01T15:05:23+00:00","dateModified":"2023-02-01T15:06:58+00:00","description":"Aqui voc\u00ea confere as principais not\u00edcias e discuss\u00f5es que afetam as quatro grandes ligas americanas; NBA, NFL, NHL e MLB.","breadcrumb":{"@id":"https:\/\/www.tailgatezone.com.br\/grandes-ligas\/#breadcrumb"},"inLanguage":"en-US","potentialAction":[{"@type":"ReadAction","target":["https:\/\/www.tailgatezone.com.br\/grandes-ligas\/"]}]},{"@type":"ImageObject","inLanguage":"en-US","@id":"https:\/\/www.tailgatezone.com.br\/grandes-ligas\/#primaryimage","url":"https:\/\/www.tailgatezone.com.br\/wp-content\/uploads\/2020\/11\/og-image-1.jpg","contentUrl":"https:\/\/www.tailgatezone.com.br\/wp-content\/uploads\/2020\/11\/og-image-1.jpg","width":1600,"height":800},{"@type":"BreadcrumbList","@id":"https:\/\/www.tailgatezone.com.br\/grandes-ligas\/#breadcrumb","itemListElement":[{"@type":"ListItem","position":1,"name":"In\u00edcio","item":"https:\/\/www.tailgatezone.com.br\/"},{"@type":"ListItem","position":2,"name":"GRANDES LIGAS"}]},{"@type":"WebSite","@id":"https:\/\/www.tailgatezone.com.br\/#website","url":"https:\/\/www.tailgatezone.com.br\/","name":"tailgate zone","description":"omething as serious as the bottom of the ninth","publisher":{"@id":"https:\/\/www.tailgatezone.com.br\/#organization"},"potentialAction":[{"@type":"SearchAction","target":{"@type":"EntryPoint","urlTemplate":"https:\/\/www.tailgatezone.com.br\/?s={search_term_string}"},"query-input":{"@type":"PropertyValueSpecification","valueRequired":true,"valueName":"search_term_string"}}],"inLanguage":"en-US"},{"@type":"Organization","@id":"https:\/\/www.tailgatezone.com.br\/#organization","name":"tailgate zone","url":"https:\/\/www.tailgatezone.com.br\/","logo":{"@type":"ImageObject","inLanguage":"en-US","@id":"https:\/\/www.tailgatezone.com.br\/#\/schema\/logo\/image\/","url":"https:\/\/www.tailgatezone.com.br\/wp-content\/uploads\/2022\/09\/tailgatezone.png","contentUrl":"https:\/\/www.tailgatezone.com.br\/wp-content\/uploads\/2022\/09\/tailgatezone.png","width":3894,"height":1500,"caption":"tailgate zone"},"image":{"@id":"https:\/\/www.tailgatezone.com.br\/#\/schema\/logo\/image\/"},"sameAs":["https:\/\/www.facebook.com\/tailgatezone","https:\/\/x.com\/tailgatezone_br","https:\/\/www.instagram.com\/tailgatezone","https:\/\/youtube.com\/tailgatezonebr"]}]}},"uagb_featured_image_src":{"full":["https:\/\/www.tailgatezone.com.br\/wp-content\/uploads\/2020\/11\/og-image-1.jpg",1600,800,false],"thumbnail":["https:\/\/www.tailgatezone.com.br\/wp-content\/uploads\/2020\/11\/og-image-1-150x150.jpg",150,150,true],"medium":["https:\/\/www.tailgatezone.com.br\/wp-content\/uploads\/2020\/11\/og-image-1-300x150.jpg",300,150,true],"medium_large":["https:\/\/www.tailgatezone.com.br\/wp-content\/uploads\/2020\/11\/og-image-1-768x384.jpg",768,384,true],"large":["https:\/\/www.tailgatezone.com.br\/wp-content\/uploads\/2020\/11\/og-image-1-1024x512.jpg",1024,512,true],"1536x1536":["https:\/\/www.tailgatezone.com.br\/wp-content\/uploads\/2020\/11\/og-image-1-1536x768.jpg",1536,768,true],"2048x2048":["https:\/\/www.tailgatezone.com.br\/wp-content\/uploads\/2020\/11\/og-image-1.jpg",1600,800,false],"trp-custom-language-flag":["https:\/\/www.tailgatezone.com.br\/wp-content\/uploads\/2020\/11\/og-image-1-16x8.jpg",16,8,true],"ocean-thumb-m":["https:\/\/www.tailgatezone.com.br\/wp-content\/uploads\/2020\/11\/og-image-1.jpg",600,300,false],"ocean-thumb-ml":["https:\/\/www.tailgatezone.com.br\/wp-content\/uploads\/2020\/11\/og-image-1.jpg",800,400,false],"ocean-thumb-l":["https:\/\/www.tailgatezone.com.br\/wp-content\/uploads\/2020\/11\/og-image-1.jpg",1200,600,false]},"uagb_author_info":{"display_name":"Felipe Martins Clemente","author_link":"https:\/\/www.tailgatezone.com.br\/en\/author\/felipeclemente\/"},"uagb_comment_info":0,"uagb_excerpt":null,"_links":{"self":[{"href":"https:\/\/www.tailgatezone.com.br\/en\/wp-json\/wp\/v2\/pages\/8700","targetHints":{"allow":["GET"]}}],"collection":[{"href":"https:\/\/www.tailgatezone.com.br\/en\/wp-json\/wp\/v2\/pages"}],"about":[{"href":"https:\/\/www.tailgatezone.com.br\/en\/wp-json\/wp\/v2\/types\/page"}],"author":[{"embeddable":true,"href":"https:\/\/www.tailgatezone.com.br\/en\/wp-json\/wp\/v2\/users\/2"}],"replies":[{"embeddable":true,"href":"https:\/\/www.tailgatezone.com.br\/en\/wp-json\/wp\/v2\/comments?post=8700"}],"version-history":[{"count":0,"href":"https:\/\/www.tailgatezone.com.br\/en\/wp-json\/wp\/v2\/pages\/8700\/revisions"}],"wp:featuredmedia":[{"embeddable":true,"href":"https:\/\/www.tailgatezone.com.br\/en\/wp-json\/wp\/v2\/media\/5732"}],"wp:attachment":[{"href":"https:\/\/www.tailgatezone.com.br\/en\/wp-json\/wp\/v2\/media?parent=8700"}],"curies":[{"name":"wp","href":"https:\/\/api.w.org\/{rel}","templated":true}]}}